{"id":370,"date":"2024-04-11T11:40:16","date_gmt":"2024-04-11T11:40:16","guid":{"rendered":"https:\/\/dmslaw.com.br\/?page_id=370"},"modified":"2026-02-20T13:24:34","modified_gmt":"2026-02-20T13:24:34","slug":"aviso-de-privacidad","status":"publish","type":"page","link":"https:\/\/dmslaw.com.br\/es\/aviso-de-privacidade\/","title":{"rendered":"Aviso de Privacidad"},"content":{"rendered":"<div data-elementor-type=\"wp-page\" data-elementor-id=\"370\" class=\"elementor elementor-370\" data-elementor-post-type=\"page\">\n\t\t\t\t<div class=\"elementor-element elementor-element-a4bc24b e-flex e-con-boxed e-con e-parent\" data-id=\"a4bc24b\" data-element_type=\"container\" data-e-type=\"container\" data-settings=\"{&quot;background_background&quot;:&quot;classic&quot;}\">\n\t\t\t\t\t<div class=\"e-con-inner\">\n\t\t<div class=\"elementor-element elementor-element-54802da e-con-full e-flex e-con e-child\" data-id=\"54802da\" data-element_type=\"container\" data-e-type=\"container\">\n\t\t\t\t<div class=\"elementor-element elementor-element-412de96 elementor-widget elementor-widget-heading\" data-id=\"412de96\" data-element_type=\"widget\" data-e-type=\"widget\" data-widget_type=\"heading.default\">\n\t\t\t\t\t<h1 class=\"elementor-heading-title elementor-size-default\">Aviso de Privacidad<\/h1>\t\t\t\t<\/div>\n\t\t\t\t<\/div>\n\t\t\t\t\t<\/div>\n\t\t\t\t<\/div>\n\t\t<div class=\"elementor-element elementor-element-048e180 e-flex e-con-boxed e-con e-parent\" data-id=\"048e180\" data-element_type=\"container\" data-e-type=\"container\" data-settings=\"{&quot;background_background&quot;:&quot;classic&quot;}\">\n\t\t\t\t\t<div class=\"e-con-inner\">\n\t\t\t\t<div class=\"elementor-element elementor-element-6eb5fcb elementor-widget elementor-widget-heading\" data-id=\"6eb5fcb\" data-element_type=\"widget\" data-e-type=\"widget\" data-widget_type=\"heading.default\">\n\t\t\t\t\t<h3 class=\"elementor-heading-title elementor-size-default\">Nuestro bufete se toma muy en serio su privacidad y la protecci\u00f3n de sus datos personales. Este Aviso explica c\u00f3mo tratamos sus datos personales, cu\u00e1les son sus derechos y c\u00f3mo puede ejercerlos.<\/h3>\t\t\t\t<\/div>\n\t\t\t\t<div class=\"elementor-element elementor-element-0693e47 elementor-widget elementor-widget-text-editor\" data-id=\"0693e47\" data-element_type=\"widget\" data-e-type=\"widget\" data-widget_type=\"text-editor.default\">\n\t\t\t\t\t\t\t\t\t<p>1.<strong> \u00bfQU\u00c9 HAY QUE SABER PARA ENTENDER ESTA ADVERTENCIA?<\/strong><\/p>\n<p>Para facilitar su lectura, conviene presentar algunas definiciones \u00fatiles para su interpretaci\u00f3n:<\/p>\n<ul>\n<li><strong>Datos personales:<\/strong> Se trata de informaci\u00f3n relativa a una persona f\u00edsica y capaz de identificarla o hacer posible su identificaci\u00f3n. Algunos ejemplos de datos personales que pueden permitir la identificaci\u00f3n son: nombre, CPF, n\u00famero de tel\u00e9fono, direcci\u00f3n de correo electr\u00f3nico, etc.<\/li>\n<li><strong>Tratamiento:<\/strong> Se trata de cualquier forma de uso que podamos hacer de sus datos personales, incluidas, entre otras, las siguientes actividades: recogida, almacenamiento, consulta, uso, intercambio, transmisi\u00f3n, clasificaci\u00f3n, reproducci\u00f3n, supresi\u00f3n y evaluaci\u00f3n.<\/li>\n<li><strong>Titular:<\/strong> Es usted, el individuo al que se refieren los datos personales.<\/li>\n<\/ul>\n<p><strong>&nbsp;<\/strong><\/p>\n<p><strong>2. \u00bfQU\u00c9 TIPOS DE DATOS PERSONALES TRATAMOS?<\/strong><\/p>\n<p>Los tipos de datos personales y la forma en que los tratamos dependen de c\u00f3mo se relacione con nosotros. Por ejemplo, los datos personales que recogemos ser\u00e1n diferentes si usted es un cliente de DMS Advogados, o un cliente potencial, o un visitante de nuestro sitio web, o un candidato para una vacante en nuestra oficina.<\/p>\n<p>A continuaci\u00f3n enumeramos las situaciones en las que recopilamos sus datos personales en el contexto de su relaci\u00f3n con nosotros:<\/p>\n<ul>\n<li><strong>Contacto:<\/strong> recogemos su nombre, direcci\u00f3n de correo electr\u00f3nico y otros datos facilitados cuando rellena un formulario de contacto o nos env\u00eda un correo electr\u00f3nico.<\/li>\n<li><strong>Suscripci\u00f3n al bolet\u00edn:<\/strong> recogemos su direcci\u00f3n de correo electr\u00f3nico cuando se suscribe a nuestro bolet\u00edn;<\/li>\n<li><strong>Mensajes:<\/strong> el contenido de los mensajes que nos env\u00ede;<\/li>\n<li><strong>Prestaci\u00f3n de servicios:<\/strong> tratamos la informaci\u00f3n que se intercambia cuando le prestamos nuestros servicios a usted y\/o a su empresa.<\/li>\n<li><b>Datos profesionales:<\/b> datos que facilite en su CV, como formaci\u00f3n acad\u00e9mica, experiencia profesional y otra informaci\u00f3n relacionada que nos proporcione cuando interact\u00fae con nosotros.<\/li>\n<\/ul>\n<p><strong>&nbsp;<\/strong><\/p>\n<p><strong>3. COOKIES<\/strong><\/p>\n<p>Las cookies son peque\u00f1os archivos de texto que un sitio web coloca en su ordenador o dispositivo m\u00f3vil cuando lo visita, a trav\u00e9s del navegador de Internet que est\u00e9 utilizando, con el fin de recordar informaci\u00f3n sobre usted para diversos fines, como personalizar su navegaci\u00f3n y mejorar el portal.<\/p>\n<p><span style=\"text-align: var(--text-align);\">Nuestro sitio web utiliza cookies y tecnolog\u00edas similares para mejorar su experiencia de navegaci\u00f3n, personalizar contenidos y anuncios, ofrecer funciones de redes sociales y analizar el tr\u00e1fico.<\/span><\/p>\n<p><span style=\"color: var( --e-global-color-e6f89ba ); text-align: var(--text-align);\">Sin embargo, debe saber que puede decidir en cualquier momento bloquear el uso de cookies en su sistema. En este caso, el rechazo puede dar lugar a que no pueda acceder a algunas de las funcionalidades del sitio.<\/span><\/p>\n<p><span style=\"color: var( --e-global-color-e6f89ba ); text-align: var(--text-align);\">Si desea desactivar las cookies, siga las instrucciones de su navegador. Si utiliza uno de los siguientes navegadores, haga clic en el enlace correspondiente para obtener m\u00e1s informaci\u00f3n:<\/span><\/p>\n<p><span style=\"color: var( --e-global-color-e6f89ba ); text-align: var(--text-align);\">Si utiliza el <strong><span style=\"color: #333399;\"><a style=\"color: #333399;\" href=\"https:\/\/support.mozilla.org\/en-US\/kb\/enhanced-tracking-protection-firefox-desktop?redirectslug=enable-and-disable-cookies-website-preferences&amp;redirectlocale=en-US\">Firefox<\/a><\/span><\/strong><\/span><\/p>\n<p>Si utiliza el <strong><span style=\"color: #333399;\"><a style=\"color: #333399;\" href=\"https:\/\/support.microsoft.com\/pt-br\/windows\/gerenciar-cookies-no-microsoft-edge-exibir-permitir-bloquear-excluir-e-usar-168dab11-0753-043d-7c16-ede5947fc64d\">Microsoft Edge<\/a><\/span><\/strong><\/p>\n<p>Si utiliza el <strong><span style=\"color: #333399;\"><a style=\"color: #333399;\" href=\"https:\/\/support.google.com\/chrome\/answer\/95647?hl=en\">Google Chrome<\/a><\/span><\/strong><\/p>\n<p>Si utiliza el <strong><span style=\"color: #333399;\"><a style=\"color: #333399;\" href=\"https:\/\/support.apple.com\/pt-br\/guide\/safari\/sfri11471\/mac\">Safari<\/a><\/span><\/strong><\/p>\n<p><strong style=\"color: var( --e-global-color-e6f89ba ); text-align: var(--text-align);\">4. \u00bfCON QUI\u00c9N COMPARTIMOS SUS DATOS PERSONALES?<\/strong><\/p>\n<p>En el desempe\u00f1o de nuestras actividades, podemos compartir y\/o hacer un uso compartido de sus datos con determinadas organizaciones asociadas. Adem\u00e1s, en determinadas situaciones, tambi\u00e9n tenemos la obligaci\u00f3n de transmitir cierta informaci\u00f3n a las autoridades p\u00fablicas (notificaciones, inspecciones, etc.), de conformidad con lo dispuesto por la ley.<\/p>\n<p>A continuaci\u00f3n se indican algunas situaciones en las que podemos compartir y\/o utilizar sus datos personales:<\/p>\n<ul>\n<li><strong>Contabilidad:<\/strong> Nuestra contabilidad la lleva una empresa externa. Como tal, la informaci\u00f3n de contacto, como el correo electr\u00f3nico, el n\u00famero de tel\u00e9fono y el nombre de la persona responsable de contratarnos, se compartir\u00e1 con el fin de emitir facturas por los servicios prestados, en caso de que nos contrate.<\/li>\n<\/ul>\n<div>\n<ul style=\"font-size: 16px; background-color: #ffffff;\">\n<li style=\"font-size: 16px;\"><span style=\"font-weight: bolder;\">Almacenamiento de comunicaciones:<\/span>&nbsp;las comunicaciones realizadas por correo electr\u00f3nico o mensajes aqu\u00ed en el sitio web o Whatsapp se almacenan en nuestras cuentas de Microsoft Office 365, Google Ads, Hubspot, Meta Ads, Whatsapp y Hubspot.<\/li>\n<\/ul>\n<\/div>\n<ul>\n<li><strong>Almacenamiento de documentos:<\/strong>&nbsp;los documentos necesarios para prestar el servicio se almacenan en nuestra cuenta de Microsoft Office 365.<\/li>\n<\/ul>\n<p><strong>&nbsp;<\/strong><\/p>\n<p><strong>5. \u00bfCU\u00c1LES SON SUS DERECHOS COMO INTERESADO?<\/strong><\/p>\n<p>En cumplimiento de la normativa de protecci\u00f3n de datos personales en Brasil, le garantizamos la posibilidad de presentar solicitudes basadas en los derechos que se enumeran a continuaci\u00f3n:<\/p>\n<ul>\n<li>Confirmaci\u00f3n de la existencia de tratamiento;<\/li>\n<li>Acceso a los datos;<\/li>\n<li>Correcci\u00f3n de datos incompletos, inexactos u obsoletos;<\/li>\n<li>Anonimizaci\u00f3n, bloqueo o supresi\u00f3n de datos innecesarios, excesivos o tratados incumpliendo lo dispuesto en esta Ley;<\/li>\n<li>Portabilidad de datos a otro proveedor de servicios o productos;<\/li>\n<li>Supresi\u00f3n de datos personales tratados con el consentimiento del interesado;<\/li>\n<li>Informaci\u00f3n sobre organismos p\u00fablicos y privados con los que compartimos sus datos;<\/li>\n<li>Informaci\u00f3n sobre la posibilidad de no dar el consentimiento y las consecuencias de negarse;<\/li>\n<li>Revocaci\u00f3n del consentimiento;<\/li>\n<li>Oposici\u00f3n al tratamiento efectuado sobre la base de alguna de las hip\u00f3tesis de renuncia al consentimiento, en caso de incumplimiento de lo dispuesto en la presente Ley.<\/li>\n<\/ul>\n<p>Puede ejercer sus derechos poni\u00e9ndose directamente en contacto con nosotros a trav\u00e9s de la direcci\u00f3n de correo electr\u00f3nico que figura en nuestro <span style=\"color: #132e50;\">A cargo:<\/span> <span style=\"color: #5aced8;\"><a style=\"color: #5aced8;\" href=\"mailto:dpo@dmslaw.com.br\">dpo@dmslaw.com.br<\/a><\/span>. Por su seguridad y para evitar fraudes, cuando presente una solicitud para ejercer sus derechos, es posible que le pidamos alguna informaci\u00f3n y\/o documentos adicionales para demostrar su identidad.<\/p>\n<p><strong>6. \u00bfCU\u00c1NTO TIEMPO SE CONSERVAR\u00c1N LOS DATOS PERSONALES?<\/strong><\/p>\n<p>Sus datos personales s\u00f3lo se conservar\u00e1n durante el tiempo necesario para cumplir los fines para los que se recogieron, a menos que exista otro motivo para conservarlos, como el cumplimiento de cualquier obligaci\u00f3n legal, reglamentaria o contractual. Adem\u00e1s, para definir el periodo de conservaci\u00f3n \u00f3ptimo, llevamos a cabo una evaluaci\u00f3n t\u00e9cnica, teniendo en cuenta los aspectos legales y sus derechos.<\/p>\n<p><strong>7. \u00bfC\u00d3MO PROTEGEMOS SUS DATOS PERSONALES?<\/strong><\/p>\n<p>Para garantizar su privacidad y la protecci\u00f3n de sus datos personales, hemos adoptado recursos tecnol\u00f3gicos avanzados para garantizar la seguridad de todos los datos tratados por la empresa.<\/p>\n<p>Entre las medidas de seguridad aplicadas se encuentran los controles de acceso a las m\u00e1quinas de trabajo, con el uso de antivirus profesionales, el acceso individual a los sistemas y cuentas, las barreras contra el acceso indebido a las bases de datos (incluidos los cortafuegos), entre otros controles de seguridad de la informaci\u00f3n.<\/p>\n<p><strong>8. \u00bfC\u00d3MO TRATAR SUS DATOS PERSONALES CON DMS ADVOGADOS?<\/strong><\/p>\n<p>Si desea hablar con nosotros sobre sus datos, p\u00f3ngase en contacto con nosotros. Nuestra persona de contacto, Cl\u00e1udio Roberto Santos, est\u00e1 a su disposici\u00f3n por correo electr\u00f3nico: <span style=\"color: #5aced8;\"><a style=\"color: #5aced8;\" href=\"mailto:dpo@dmslaw.com.br\">dpo@dmslaw.com.br<\/a><\/span>.<\/p>\n<p><strong>9. ACTUALIZACI\u00d3N DEL AVISO DE PRIVACIDAD<\/strong><\/p>\n<p>Con el fin de mejorar nuestros servicios y nuestra forma de operar, este Aviso de Privacidad podr\u00e1 ser actualizado para reflejar las mejoras introducidas. Por lo tanto, le recomendamos que visite esta p\u00e1gina peri\u00f3dicamente para estar al corriente de los cambios realizados.<\/p>\n<p>FECHA DE LA \u00daLTIMA ACTUALIZACI\u00d3N: 20 de febrero de 2026.<\/p>\t\t\t\t\t\t\t\t<\/div>\n\t\t\t\t\t<\/div>\n\t\t\t\t<\/div>\n\t\t\t\t<\/div>","protected":false},"excerpt":{"rendered":"<p>Aviso de Privacidade Nosso escrit\u00f3rio leva a s\u00e9rio sua privacidade e a prote\u00e7\u00e3o dos seus dados pessoais. Este Aviso explica como tratamos seus dados pessoais, quais s\u00e3o os seus direitos e como voc\u00ea pode exerc\u00ea-los. 1. O QUE VOC\u00ca PRECISA SABER PARA COMPREENDER ESTE AVISO? A fim de descomplicar a sua leitura, \u00e9 v\u00e1lido apresentarmos [&hellip;]<\/p>\n","protected":false},"author":1,"featured_media":0,"parent":0,"menu_order":0,"comment_status":"closed","ping_status":"closed","template":"elementor_header_footer","meta":{"_acf_changed":false,"content-type":"","footnotes":""},"class_list":["post-370","page","type-page","status-publish","hentry"],"acf":[],"yoast_head":"<!-- This site is optimized with the Yoast SEO plugin v27.5 - https:\/\/yoast.com\/product\/yoast-seo-wordpress\/ -->\n<title>Aviso de Privacidade - DMS Advogados<\/title>\n<meta name=\"robots\" content=\"index, follow, max-snippet:-1, max-image-preview:large, max-video-preview:-1\" \/>\n<link rel=\"canonical\" href=\"https:\/\/dmslaw.com.br\/es\/aviso-de-privacidad\/\" \/>\n<meta property=\"og:locale\" content=\"es_ES\" \/>\n<meta property=\"og:type\" content=\"article\" \/>\n<meta property=\"og:title\" content=\"Aviso de Privacidade - DMS Advogados\" \/>\n<meta property=\"og:description\" content=\"Aviso de Privacidade Nosso escrit\u00f3rio leva a s\u00e9rio sua privacidade e a prote\u00e7\u00e3o dos seus dados pessoais. Este Aviso explica como tratamos seus dados pessoais, quais s\u00e3o os seus direitos e como voc\u00ea pode exerc\u00ea-los. 1. O QUE VOC\u00ca PRECISA SABER PARA COMPREENDER ESTE AVISO? A fim de descomplicar a sua leitura, \u00e9 v\u00e1lido apresentarmos [&hellip;]\" \/>\n<meta property=\"og:url\" content=\"https:\/\/dmslaw.com.br\/es\/aviso-de-privacidad\/\" \/>\n<meta property=\"og:site_name\" content=\"DMS Advogados\" \/>\n<meta property=\"article:modified_time\" content=\"2026-02-20T13:24:34+00:00\" \/>\n<meta property=\"og:image\" content=\"https:\/\/dmslaw.com.br\/wp-content\/uploads\/2026\/02\/DMS-Advogados-Assessoria-juridica-completa-para-empresas-1.webp\" \/>\n\t<meta property=\"og:image:width\" content=\"1440\" \/>\n\t<meta property=\"og:image:height\" content=\"745\" \/>\n\t<meta property=\"og:image:type\" content=\"image\/webp\" \/>\n<meta name=\"twitter:card\" content=\"summary_large_image\" \/>\n<meta name=\"twitter:label1\" content=\"Tiempo de lectura\" \/>\n\t<meta name=\"twitter:data1\" content=\"6 minutos\" \/>\n<script type=\"application\/ld+json\" class=\"yoast-schema-graph\">{\"@context\":\"https:\\\/\\\/schema.org\",\"@graph\":[{\"@type\":\"WebPage\",\"@id\":\"https:\\\/\\\/dmslaw.com.br\\\/aviso-de-privacidade\\\/\",\"url\":\"https:\\\/\\\/dmslaw.com.br\\\/aviso-de-privacidade\\\/\",\"name\":\"Aviso de Privacidade - DMS Advogados\",\"isPartOf\":{\"@id\":\"https:\\\/\\\/dmslaw.com.br\\\/#website\"},\"datePublished\":\"2024-04-11T11:40:16+00:00\",\"dateModified\":\"2026-02-20T13:24:34+00:00\",\"breadcrumb\":{\"@id\":\"https:\\\/\\\/dmslaw.com.br\\\/aviso-de-privacidade\\\/#breadcrumb\"},\"inLanguage\":\"es\",\"potentialAction\":[{\"@type\":\"ReadAction\",\"target\":[\"https:\\\/\\\/dmslaw.com.br\\\/aviso-de-privacidade\\\/\"]}]},{\"@type\":\"BreadcrumbList\",\"@id\":\"https:\\\/\\\/dmslaw.com.br\\\/aviso-de-privacidade\\\/#breadcrumb\",\"itemListElement\":[{\"@type\":\"ListItem\",\"position\":1,\"name\":\"In\u00edcio\",\"item\":\"https:\\\/\\\/dmslaw.com.br\\\/\"},{\"@type\":\"ListItem\",\"position\":2,\"name\":\"Aviso de Privacidade\"}]},{\"@type\":\"WebSite\",\"@id\":\"https:\\\/\\\/dmslaw.com.br\\\/#website\",\"url\":\"https:\\\/\\\/dmslaw.com.br\\\/\",\"name\":\"DMS Advogados\",\"description\":\"Assessoria jur\u00eddica estrat\u00e9gica para empresas e startups em prote\u00e7\u00e3o de dados, tecnologia, compliance e direito empresarial.\",\"publisher\":{\"@id\":\"https:\\\/\\\/dmslaw.com.br\\\/#organization\"},\"potentialAction\":[{\"@type\":\"SearchAction\",\"target\":{\"@type\":\"EntryPoint\",\"urlTemplate\":\"https:\\\/\\\/dmslaw.com.br\\\/?s={search_term_string}\"},\"query-input\":{\"@type\":\"PropertyValueSpecification\",\"valueRequired\":true,\"valueName\":\"search_term_string\"}}],\"inLanguage\":\"es\"},{\"@type\":\"Organization\",\"@id\":\"https:\\\/\\\/dmslaw.com.br\\\/#organization\",\"name\":\"DMS Advogados\",\"url\":\"https:\\\/\\\/dmslaw.com.br\\\/\",\"logo\":{\"@type\":\"ImageObject\",\"inLanguage\":\"es\",\"@id\":\"https:\\\/\\\/dmslaw.com.br\\\/#\\\/schema\\\/logo\\\/image\\\/\",\"url\":\"https:\\\/\\\/dmslaw.com.br\\\/wp-content\\\/uploads\\\/2024\\\/03\\\/DMS-Advogados-Logotipo-Branco.svg\",\"contentUrl\":\"https:\\\/\\\/dmslaw.com.br\\\/wp-content\\\/uploads\\\/2024\\\/03\\\/DMS-Advogados-Logotipo-Branco.svg\",\"width\":631,\"height\":335,\"caption\":\"DMS Advogados\"},\"image\":{\"@id\":\"https:\\\/\\\/dmslaw.com.br\\\/#\\\/schema\\\/logo\\\/image\\\/\"}}]}<\/script>\n<!-- \/ Yoast SEO plugin. -->","yoast_head_json":{"title":"Aviso de privacidad - DMS Advogados","robots":{"index":"index","follow":"follow","max-snippet":"max-snippet:-1","max-image-preview":"max-image-preview:large","max-video-preview":"max-video-preview:-1"},"canonical":"https:\/\/dmslaw.com.br\/es\/aviso-de-privacidad\/","og_locale":"es_ES","og_type":"article","og_title":"Aviso de Privacidade - DMS Advogados","og_description":"Aviso de Privacidade Nosso escrit\u00f3rio leva a s\u00e9rio sua privacidade e a prote\u00e7\u00e3o dos seus dados pessoais. Este Aviso explica como tratamos seus dados pessoais, quais s\u00e3o os seus direitos e como voc\u00ea pode exerc\u00ea-los. 1. O QUE VOC\u00ca PRECISA SABER PARA COMPREENDER ESTE AVISO? A fim de descomplicar a sua leitura, \u00e9 v\u00e1lido apresentarmos [&hellip;]","og_url":"https:\/\/dmslaw.com.br\/es\/aviso-de-privacidad\/","og_site_name":"DMS Advogados","article_modified_time":"2026-02-20T13:24:34+00:00","og_image":[{"width":1440,"height":745,"url":"https:\/\/dmslaw.com.br\/wp-content\/uploads\/2026\/02\/DMS-Advogados-Assessoria-juridica-completa-para-empresas-1.webp","type":"image\/webp"}],"twitter_card":"summary_large_image","twitter_misc":{"Tiempo de lectura":"6 minutos"},"schema":{"@context":"https:\/\/schema.org","@graph":[{"@type":"WebPage","@id":"https:\/\/dmslaw.com.br\/aviso-de-privacidade\/","url":"https:\/\/dmslaw.com.br\/aviso-de-privacidade\/","name":"Aviso de privacidad - DMS Advogados","isPartOf":{"@id":"https:\/\/dmslaw.com.br\/#website"},"datePublished":"2024-04-11T11:40:16+00:00","dateModified":"2026-02-20T13:24:34+00:00","breadcrumb":{"@id":"https:\/\/dmslaw.com.br\/aviso-de-privacidade\/#breadcrumb"},"inLanguage":"es","potentialAction":[{"@type":"ReadAction","target":["https:\/\/dmslaw.com.br\/aviso-de-privacidade\/"]}]},{"@type":"BreadcrumbList","@id":"https:\/\/dmslaw.com.br\/aviso-de-privacidade\/#breadcrumb","itemListElement":[{"@type":"ListItem","position":1,"name":"In\u00edcio","item":"https:\/\/dmslaw.com.br\/"},{"@type":"ListItem","position":2,"name":"Aviso de Privacidade"}]},{"@type":"WebSite","@id":"https:\/\/dmslaw.com.br\/#website","url":"https:\/\/dmslaw.com.br\/","name":"DMS Abogados","description":"Asesoramiento jur\u00eddico estrat\u00e9gico para empresas y startups en materia de protecci\u00f3n de datos, tecnolog\u00eda, cumplimiento normativo y derecho mercantil.","publisher":{"@id":"https:\/\/dmslaw.com.br\/#organization"},"potentialAction":[{"@type":"SearchAction","target":{"@type":"EntryPoint","urlTemplate":"https:\/\/dmslaw.com.br\/?s={search_term_string}"},"query-input":{"@type":"PropertyValueSpecification","valueRequired":true,"valueName":"search_term_string"}}],"inLanguage":"es"},{"@type":"Organization","@id":"https:\/\/dmslaw.com.br\/#organization","name":"DMS Abogados","url":"https:\/\/dmslaw.com.br\/","logo":{"@type":"ImageObject","inLanguage":"es","@id":"https:\/\/dmslaw.com.br\/#\/schema\/logo\/image\/","url":"https:\/\/dmslaw.com.br\/wp-content\/uploads\/2024\/03\/DMS-Advogados-Logotipo-Branco.svg","contentUrl":"https:\/\/dmslaw.com.br\/wp-content\/uploads\/2024\/03\/DMS-Advogados-Logotipo-Branco.svg","width":631,"height":335,"caption":"DMS Advogados"},"image":{"@id":"https:\/\/dmslaw.com.br\/#\/schema\/logo\/image\/"}}]}},"_links":{"self":[{"href":"https:\/\/dmslaw.com.br\/es\/wp-json\/wp\/v2\/pages\/370","targetHints":{"allow":["GET"]}}],"collection":[{"href":"https:\/\/dmslaw.com.br\/es\/wp-json\/wp\/v2\/pages"}],"about":[{"href":"https:\/\/dmslaw.com.br\/es\/wp-json\/wp\/v2\/types\/page"}],"author":[{"embeddable":true,"href":"https:\/\/dmslaw.com.br\/es\/wp-json\/wp\/v2\/users\/1"}],"replies":[{"embeddable":true,"href":"https:\/\/dmslaw.com.br\/es\/wp-json\/wp\/v2\/comments?post=370"}],"version-history":[{"count":46,"href":"https:\/\/dmslaw.com.br\/es\/wp-json\/wp\/v2\/pages\/370\/revisions"}],"predecessor-version":[{"id":3292,"href":"https:\/\/dmslaw.com.br\/es\/wp-json\/wp\/v2\/pages\/370\/revisions\/3292"}],"wp:attachment":[{"href":"https:\/\/dmslaw.com.br\/es\/wp-json\/wp\/v2\/media?parent=370"}],"curies":[{"name":"wp","href":"https:\/\/api.w.org\/{rel}","templated":true}]}}