{"id":370,"date":"2024-04-11T11:40:16","date_gmt":"2024-04-11T11:40:16","guid":{"rendered":"https:\/\/dmslaw.com.br\/?page_id=370"},"modified":"2026-02-20T13:24:34","modified_gmt":"2026-02-20T13:24:34","slug":"privacy-notice","status":"publish","type":"page","link":"https:\/\/dmslaw.com.br\/en\/aviso-de-privacidade\/","title":{"rendered":"Privacy Notice"},"content":{"rendered":"<div data-elementor-type=\"wp-page\" data-elementor-id=\"370\" class=\"elementor elementor-370\" data-elementor-post-type=\"page\">\n\t\t\t\t<div class=\"elementor-element elementor-element-a4bc24b e-flex e-con-boxed e-con e-parent\" data-id=\"a4bc24b\" data-element_type=\"container\" data-e-type=\"container\" data-settings=\"{&quot;background_background&quot;:&quot;classic&quot;}\">\n\t\t\t\t\t<div class=\"e-con-inner\">\n\t\t<div class=\"elementor-element elementor-element-54802da e-con-full e-flex e-con e-child\" data-id=\"54802da\" data-element_type=\"container\" data-e-type=\"container\">\n\t\t\t\t<div class=\"elementor-element elementor-element-412de96 elementor-widget elementor-widget-heading\" data-id=\"412de96\" data-element_type=\"widget\" data-e-type=\"widget\" data-widget_type=\"heading.default\">\n\t\t\t\t\t<h1 class=\"elementor-heading-title elementor-size-default\">Privacy Notice<\/h1>\t\t\t\t<\/div>\n\t\t\t\t<\/div>\n\t\t\t\t\t<\/div>\n\t\t\t\t<\/div>\n\t\t<div class=\"elementor-element elementor-element-048e180 e-flex e-con-boxed e-con e-parent\" data-id=\"048e180\" data-element_type=\"container\" data-e-type=\"container\" data-settings=\"{&quot;background_background&quot;:&quot;classic&quot;}\">\n\t\t\t\t\t<div class=\"e-con-inner\">\n\t\t\t\t<div class=\"elementor-element elementor-element-6eb5fcb elementor-widget elementor-widget-heading\" data-id=\"6eb5fcb\" data-element_type=\"widget\" data-e-type=\"widget\" data-widget_type=\"heading.default\">\n\t\t\t\t\t<h3 class=\"elementor-heading-title elementor-size-default\">Our firm takes your privacy and the protection of your personal data seriously. This Notice explains how we handle your personal data, what your rights are and how you can exercise them.<\/h3>\t\t\t\t<\/div>\n\t\t\t\t<div class=\"elementor-element elementor-element-0693e47 elementor-widget elementor-widget-text-editor\" data-id=\"0693e47\" data-element_type=\"widget\" data-e-type=\"widget\" data-widget_type=\"text-editor.default\">\n\t\t\t\t\t\t\t\t\t<p>1.<strong> WHAT DO YOU NEED TO KNOW TO UNDERSTAND THIS WARNING?<\/strong><\/p>\n<p>In order to make it easier to read, it is worth presenting some useful definitions for its interpretation:<\/p>\n<ul>\n<li><strong>Personal details:<\/strong> This is information relating to a natural person and capable of identifying the person or making it possible to identify them. Examples of personal data that can enable identification are: Name, CPF, telephone number, e-mail address, etc.<\/li>\n<li><strong>Treatment:<\/strong> It is any form of use we may make of your personal data, including but not limited to the following activities: collection, storage, consultation, use, sharing, transmission, classification, reproduction, deletion and evaluation.<\/li>\n<li><strong>Holder:<\/strong> It is you, the individual to whom the personal data refers.<\/li>\n<\/ul>\n<p><strong>&nbsp;<\/strong><\/p>\n<p><strong>2. WHAT TYPES OF PERSONAL DATA DO WE PROCESS?<\/strong><\/p>\n<p>The types of personal data and the way we treat them depend on how you relate to us. For example, the personal data collected will be different if you are a client of DMS Advogados, or a potential client, or a visitor to our website, or an applicant for a position in our office.<\/p>\n<p>We list below the situations in which we collect your personal data in the context of your relationship with us:<\/p>\n<ul>\n<li><strong>Contact:<\/strong> we collect your name, e-mail address and other data provided when you fill in a contact form or send us an e-mail.<\/li>\n<li><strong>Newsletter subscription:<\/strong> we collect your e-mail address when you sign up for our newsletter;<\/li>\n<li><strong>Messages:<\/strong> the content of the messages you send us;<\/li>\n<li><strong>Provision of services:<\/strong> we process the information that is exchanged when we are providing our services to you and\/or your company.<\/li>\n<li><b>Professional details:<\/b> data you provide in your CV, such as academic background, professional experience and other related information provided when you interact with us.<\/li>\n<\/ul>\n<p><strong>&nbsp;<\/strong><\/p>\n<p><strong>3. COOKIES<\/strong><\/p>\n<p>Cookies are small text files that a website places on your computer or mobile device when you visit it, via the internet browser you are using, in order to remember information about you for various purposes, such as personalizing navigation and improving the portal.<\/p>\n<p><span style=\"text-align: var(--text-align);\">Our website uses cookies and similar technologies to enhance your browsing experience, personalize content and ads, provide social networking features and analyze traffic.<\/span><\/p>\n<p><span style=\"color: var( --e-global-color-e6f89ba ); text-align: var(--text-align);\">However, you should be aware that you can decide at any time to block the use of cookies on your system. In this case, refusal may result in you being unable to access some of the site's features.<\/span><\/p>\n<p><span style=\"color: var( --e-global-color-e6f89ba ); text-align: var(--text-align);\">If you want to disable cookies, follow the instructions in your browser. If you use one of the browsers below, just click on the corresponding link for more information:<\/span><\/p>\n<p><span style=\"color: var( --e-global-color-e6f89ba ); text-align: var(--text-align);\">If you use <strong><span style=\"color: #333399;\"><a style=\"color: #333399;\" href=\"https:\/\/support.mozilla.org\/en-US\/kb\/enhanced-tracking-protection-firefox-desktop?redirectslug=enable-and-disable-cookies-website-preferences&amp;redirectlocale=en-US\">Firefox<\/a><\/span><\/strong><\/span><\/p>\n<p>If you use <strong><span style=\"color: #333399;\"><a style=\"color: #333399;\" href=\"https:\/\/support.microsoft.com\/pt-br\/windows\/gerenciar-cookies-no-microsoft-edge-exibir-permitir-bloquear-excluir-e-usar-168dab11-0753-043d-7c16-ede5947fc64d\">Microsoft Edge<\/a><\/span><\/strong><\/p>\n<p>If you use <strong><span style=\"color: #333399;\"><a style=\"color: #333399;\" href=\"https:\/\/support.google.com\/chrome\/answer\/95647?hl=en\">Google Chrome<\/a><\/span><\/strong><\/p>\n<p>If you use <strong><span style=\"color: #333399;\"><a style=\"color: #333399;\" href=\"https:\/\/support.apple.com\/pt-br\/guide\/safari\/sfri11471\/mac\">Safari<\/a><\/span><\/strong><\/p>\n<p><strong style=\"color: var( --e-global-color-e6f89ba ); text-align: var(--text-align);\">4. WHO DO WE SHARE YOUR PERSONAL DATA WITH?<\/strong><\/p>\n<p>In carrying out our activities, we may share and\/or make shared use of your data with certain partner organizations. In addition, in certain situations, we also have the duty to transmit certain information to public authorities (notifications, inspections, etc.), in accordance with the provisions of the law.<\/p>\n<p>Below are some situations in which we may share and\/or use your personal data:<\/p>\n<ul>\n<li><strong>Accounting:<\/strong> Our accounting is done by an external firm. As such, contact information such as e-mail, telephone number and the name of the person responsible for hiring us will be shared in order to issue invoices for services rendered, should you hire us.<\/li>\n<\/ul>\n<div>\n<ul style=\"font-size: 16px; background-color: #ffffff;\">\n<li style=\"font-size: 16px;\"><span style=\"font-weight: bolder;\">Communications storage:<\/span>&nbsp;communications made by e-mail or messages here on the website or Whatsapp are stored in our Microsoft Office 365, Google Ads, Hubspot, Meta Ads, Whatsapp and Hubspot accounts.<\/li>\n<\/ul>\n<\/div>\n<ul>\n<li><strong>Document storage:<\/strong>&nbsp;the documents needed to provide the service are stored in our Microsoft Office 365 account.<\/li>\n<\/ul>\n<p><strong>&nbsp;<\/strong><\/p>\n<p><strong>5. WHAT ARE YOUR RIGHTS AS A DATA SUBJECT?<\/strong><\/p>\n<p>In compliance with personal data protection regulations in Brazil, we guarantee you the possibility of submitting requests based on the rights listed below:<\/p>\n<ul>\n<li>Confirmation of the existence of treatment;<\/li>\n<li>Access to data;<\/li>\n<li>Correction of incomplete, inaccurate or outdated data;<\/li>\n<li>Anonymization, blocking or deletion of unnecessary, excessive or processed data that does not comply with the provisions of this Law;<\/li>\n<li>Data portability to another service or product provider;<\/li>\n<li>Deletion of personal data processed with the consent of the data subject;<\/li>\n<li>Information about public and private entities with which we share your data;<\/li>\n<li>Information about the possibility of not giving consent and the consequences of refusing;<\/li>\n<li>Revocation of consent;<\/li>\n<li>Opposition to processing carried out on the basis of one of the hypotheses for waiving consent, in the event of non-compliance with the provisions of this Law.<\/li>\n<\/ul>\n<p>You can exercise your rights by contacting us directly via the e-mail address in our <span style=\"color: #132e50;\">In charge:<\/span> <span style=\"color: #5aced8;\"><a style=\"color: #5aced8;\" href=\"mailto:dpo@dmslaw.com.br\">dpo@dmslaw.com.br<\/a><\/span>. For your security and to prevent fraud, when you submit a request to exercise your rights, we may ask you for some additional information and\/or documents in order to prove your identity.<\/p>\n<p><strong>6. HOW LONG WILL PERSONAL DATA BE STORED?<\/strong><\/p>\n<p>Your personal data will only be stored for as long as is necessary to fulfill the purposes for which it was collected, unless there is another reason for keeping it, such as to comply with any legal, regulatory or contractual obligations. In addition, in order to define the optimum retention period, we carry out a technical assessment, taking into account legal aspects and your rights.<\/p>\n<p><strong>7. HOW DO WE PROTECT YOUR PERSONAL DATA?<\/strong><\/p>\n<p>To guarantee your privacy and the protection of your personal data, we have adopted advanced technological resources to ensure the security of all data processed by the firm.<\/p>\n<p>Among the security measures implemented are controls on access to work machines, with the use of professional antivirus, individual login access to systems and accounts, barriers against improper access to databases (including firewalls), among other information security controls.<\/p>\n<p><strong>8. HOW TO DISCUSS YOUR PERSONAL DATA WITH DMS ADVOGADOS?<\/strong><\/p>\n<p>If you would like to talk to us about your data, please contact us. Cl\u00e1udio Roberto Santos, the person in charge, is at your disposal via e-mail: <span style=\"color: #5aced8;\"><a style=\"color: #5aced8;\" href=\"mailto:dpo@dmslaw.com.br\">dpo@dmslaw.com.br<\/a><\/span>.<\/p>\n<p><strong>9. UPDATING THE PRIVACY NOTICE<\/strong><\/p>\n<p>In order to improve our services and the way we operate, this Privacy Notice may be updated to reflect improvements. We therefore recommend that you visit this page periodically so that you are aware of any changes made.<\/p>\n<p>DATE OF LAST UPDATE: February 20, 2026.<\/p>\t\t\t\t\t\t\t\t<\/div>\n\t\t\t\t\t<\/div>\n\t\t\t\t<\/div>\n\t\t\t\t<\/div>","protected":false},"excerpt":{"rendered":"<p>Aviso de Privacidade Nosso escrit\u00f3rio leva a s\u00e9rio sua privacidade e a prote\u00e7\u00e3o dos seus dados pessoais. Este Aviso explica como tratamos seus dados pessoais, quais s\u00e3o os seus direitos e como voc\u00ea pode exerc\u00ea-los. 1. O QUE VOC\u00ca PRECISA SABER PARA COMPREENDER ESTE AVISO? A fim de descomplicar a sua leitura, \u00e9 v\u00e1lido apresentarmos [&hellip;]<\/p>\n","protected":false},"author":1,"featured_media":0,"parent":0,"menu_order":0,"comment_status":"closed","ping_status":"closed","template":"elementor_header_footer","meta":{"_acf_changed":false,"content-type":"","footnotes":""},"class_list":["post-370","page","type-page","status-publish","hentry"],"acf":[],"yoast_head":"<!-- This site is optimized with the Yoast SEO plugin v27.5 - https:\/\/yoast.com\/product\/yoast-seo-wordpress\/ -->\n<title>Aviso de Privacidade - DMS Advogados<\/title>\n<meta name=\"robots\" content=\"index, follow, max-snippet:-1, max-image-preview:large, max-video-preview:-1\" \/>\n<link rel=\"canonical\" href=\"https:\/\/dmslaw.com.br\/en\/privacy-notice\/\" \/>\n<meta property=\"og:locale\" content=\"en_US\" \/>\n<meta property=\"og:type\" content=\"article\" \/>\n<meta property=\"og:title\" content=\"Aviso de Privacidade - DMS Advogados\" \/>\n<meta property=\"og:description\" content=\"Aviso de Privacidade Nosso escrit\u00f3rio leva a s\u00e9rio sua privacidade e a prote\u00e7\u00e3o dos seus dados pessoais. Este Aviso explica como tratamos seus dados pessoais, quais s\u00e3o os seus direitos e como voc\u00ea pode exerc\u00ea-los. 1. O QUE VOC\u00ca PRECISA SABER PARA COMPREENDER ESTE AVISO? A fim de descomplicar a sua leitura, \u00e9 v\u00e1lido apresentarmos [&hellip;]\" \/>\n<meta property=\"og:url\" content=\"https:\/\/dmslaw.com.br\/en\/privacy-notice\/\" \/>\n<meta property=\"og:site_name\" content=\"DMS Advogados\" \/>\n<meta property=\"article:modified_time\" content=\"2026-02-20T13:24:34+00:00\" \/>\n<meta property=\"og:image\" content=\"https:\/\/dmslaw.com.br\/wp-content\/uploads\/2026\/02\/DMS-Advogados-Assessoria-juridica-completa-para-empresas-1.webp\" \/>\n\t<meta property=\"og:image:width\" content=\"1440\" \/>\n\t<meta property=\"og:image:height\" content=\"745\" \/>\n\t<meta property=\"og:image:type\" content=\"image\/webp\" \/>\n<meta name=\"twitter:card\" content=\"summary_large_image\" \/>\n<meta name=\"twitter:label1\" content=\"Est. reading time\" \/>\n\t<meta name=\"twitter:data1\" content=\"6 minutes\" \/>\n<script type=\"application\/ld+json\" class=\"yoast-schema-graph\">{\"@context\":\"https:\\\/\\\/schema.org\",\"@graph\":[{\"@type\":\"WebPage\",\"@id\":\"https:\\\/\\\/dmslaw.com.br\\\/aviso-de-privacidade\\\/\",\"url\":\"https:\\\/\\\/dmslaw.com.br\\\/aviso-de-privacidade\\\/\",\"name\":\"Aviso de Privacidade - DMS Advogados\",\"isPartOf\":{\"@id\":\"https:\\\/\\\/dmslaw.com.br\\\/#website\"},\"datePublished\":\"2024-04-11T11:40:16+00:00\",\"dateModified\":\"2026-02-20T13:24:34+00:00\",\"breadcrumb\":{\"@id\":\"https:\\\/\\\/dmslaw.com.br\\\/aviso-de-privacidade\\\/#breadcrumb\"},\"inLanguage\":\"en-US\",\"potentialAction\":[{\"@type\":\"ReadAction\",\"target\":[\"https:\\\/\\\/dmslaw.com.br\\\/aviso-de-privacidade\\\/\"]}]},{\"@type\":\"BreadcrumbList\",\"@id\":\"https:\\\/\\\/dmslaw.com.br\\\/aviso-de-privacidade\\\/#breadcrumb\",\"itemListElement\":[{\"@type\":\"ListItem\",\"position\":1,\"name\":\"In\u00edcio\",\"item\":\"https:\\\/\\\/dmslaw.com.br\\\/\"},{\"@type\":\"ListItem\",\"position\":2,\"name\":\"Aviso de Privacidade\"}]},{\"@type\":\"WebSite\",\"@id\":\"https:\\\/\\\/dmslaw.com.br\\\/#website\",\"url\":\"https:\\\/\\\/dmslaw.com.br\\\/\",\"name\":\"DMS Advogados\",\"description\":\"Assessoria jur\u00eddica estrat\u00e9gica para empresas e startups em prote\u00e7\u00e3o de dados, tecnologia, compliance e direito empresarial.\",\"publisher\":{\"@id\":\"https:\\\/\\\/dmslaw.com.br\\\/#organization\"},\"potentialAction\":[{\"@type\":\"SearchAction\",\"target\":{\"@type\":\"EntryPoint\",\"urlTemplate\":\"https:\\\/\\\/dmslaw.com.br\\\/?s={search_term_string}\"},\"query-input\":{\"@type\":\"PropertyValueSpecification\",\"valueRequired\":true,\"valueName\":\"search_term_string\"}}],\"inLanguage\":\"en-US\"},{\"@type\":\"Organization\",\"@id\":\"https:\\\/\\\/dmslaw.com.br\\\/#organization\",\"name\":\"DMS Advogados\",\"url\":\"https:\\\/\\\/dmslaw.com.br\\\/\",\"logo\":{\"@type\":\"ImageObject\",\"inLanguage\":\"en-US\",\"@id\":\"https:\\\/\\\/dmslaw.com.br\\\/#\\\/schema\\\/logo\\\/image\\\/\",\"url\":\"https:\\\/\\\/dmslaw.com.br\\\/wp-content\\\/uploads\\\/2024\\\/03\\\/DMS-Advogados-Logotipo-Branco.svg\",\"contentUrl\":\"https:\\\/\\\/dmslaw.com.br\\\/wp-content\\\/uploads\\\/2024\\\/03\\\/DMS-Advogados-Logotipo-Branco.svg\",\"width\":631,\"height\":335,\"caption\":\"DMS Advogados\"},\"image\":{\"@id\":\"https:\\\/\\\/dmslaw.com.br\\\/#\\\/schema\\\/logo\\\/image\\\/\"}}]}<\/script>\n<!-- \/ Yoast SEO plugin. -->","yoast_head_json":{"title":"Privacy Notice - DMS Advogados","robots":{"index":"index","follow":"follow","max-snippet":"max-snippet:-1","max-image-preview":"max-image-preview:large","max-video-preview":"max-video-preview:-1"},"canonical":"https:\/\/dmslaw.com.br\/en\/privacy-notice\/","og_locale":"en_US","og_type":"article","og_title":"Aviso de Privacidade - DMS Advogados","og_description":"Aviso de Privacidade Nosso escrit\u00f3rio leva a s\u00e9rio sua privacidade e a prote\u00e7\u00e3o dos seus dados pessoais. Este Aviso explica como tratamos seus dados pessoais, quais s\u00e3o os seus direitos e como voc\u00ea pode exerc\u00ea-los. 1. O QUE VOC\u00ca PRECISA SABER PARA COMPREENDER ESTE AVISO? A fim de descomplicar a sua leitura, \u00e9 v\u00e1lido apresentarmos [&hellip;]","og_url":"https:\/\/dmslaw.com.br\/en\/privacy-notice\/","og_site_name":"DMS Advogados","article_modified_time":"2026-02-20T13:24:34+00:00","og_image":[{"width":1440,"height":745,"url":"https:\/\/dmslaw.com.br\/wp-content\/uploads\/2026\/02\/DMS-Advogados-Assessoria-juridica-completa-para-empresas-1.webp","type":"image\/webp"}],"twitter_card":"summary_large_image","twitter_misc":{"Est. reading time":"6 minutes"},"schema":{"@context":"https:\/\/schema.org","@graph":[{"@type":"WebPage","@id":"https:\/\/dmslaw.com.br\/aviso-de-privacidade\/","url":"https:\/\/dmslaw.com.br\/aviso-de-privacidade\/","name":"Privacy Notice - DMS Advogados","isPartOf":{"@id":"https:\/\/dmslaw.com.br\/#website"},"datePublished":"2024-04-11T11:40:16+00:00","dateModified":"2026-02-20T13:24:34+00:00","breadcrumb":{"@id":"https:\/\/dmslaw.com.br\/aviso-de-privacidade\/#breadcrumb"},"inLanguage":"en-US","potentialAction":[{"@type":"ReadAction","target":["https:\/\/dmslaw.com.br\/aviso-de-privacidade\/"]}]},{"@type":"BreadcrumbList","@id":"https:\/\/dmslaw.com.br\/aviso-de-privacidade\/#breadcrumb","itemListElement":[{"@type":"ListItem","position":1,"name":"In\u00edcio","item":"https:\/\/dmslaw.com.br\/"},{"@type":"ListItem","position":2,"name":"Aviso de Privacidade"}]},{"@type":"WebSite","@id":"https:\/\/dmslaw.com.br\/#website","url":"https:\/\/dmslaw.com.br\/","name":"DMS Lawyers","description":"Strategic legal advice for companies and startups on data protection, technology, compliance and business law.","publisher":{"@id":"https:\/\/dmslaw.com.br\/#organization"},"potentialAction":[{"@type":"SearchAction","target":{"@type":"EntryPoint","urlTemplate":"https:\/\/dmslaw.com.br\/?s={search_term_string}"},"query-input":{"@type":"PropertyValueSpecification","valueRequired":true,"valueName":"search_term_string"}}],"inLanguage":"en-US"},{"@type":"Organization","@id":"https:\/\/dmslaw.com.br\/#organization","name":"DMS Lawyers","url":"https:\/\/dmslaw.com.br\/","logo":{"@type":"ImageObject","inLanguage":"en-US","@id":"https:\/\/dmslaw.com.br\/#\/schema\/logo\/image\/","url":"https:\/\/dmslaw.com.br\/wp-content\/uploads\/2024\/03\/DMS-Advogados-Logotipo-Branco.svg","contentUrl":"https:\/\/dmslaw.com.br\/wp-content\/uploads\/2024\/03\/DMS-Advogados-Logotipo-Branco.svg","width":631,"height":335,"caption":"DMS Advogados"},"image":{"@id":"https:\/\/dmslaw.com.br\/#\/schema\/logo\/image\/"}}]}},"_links":{"self":[{"href":"https:\/\/dmslaw.com.br\/en\/wp-json\/wp\/v2\/pages\/370","targetHints":{"allow":["GET"]}}],"collection":[{"href":"https:\/\/dmslaw.com.br\/en\/wp-json\/wp\/v2\/pages"}],"about":[{"href":"https:\/\/dmslaw.com.br\/en\/wp-json\/wp\/v2\/types\/page"}],"author":[{"embeddable":true,"href":"https:\/\/dmslaw.com.br\/en\/wp-json\/wp\/v2\/users\/1"}],"replies":[{"embeddable":true,"href":"https:\/\/dmslaw.com.br\/en\/wp-json\/wp\/v2\/comments?post=370"}],"version-history":[{"count":46,"href":"https:\/\/dmslaw.com.br\/en\/wp-json\/wp\/v2\/pages\/370\/revisions"}],"predecessor-version":[{"id":3292,"href":"https:\/\/dmslaw.com.br\/en\/wp-json\/wp\/v2\/pages\/370\/revisions\/3292"}],"wp:attachment":[{"href":"https:\/\/dmslaw.com.br\/en\/wp-json\/wp\/v2\/media?parent=370"}],"curies":[{"name":"wp","href":"https:\/\/api.w.org\/{rel}","templated":true}]}}